{"id":2012,"date":"2025-02-01T17:03:45","date_gmt":"2025-02-01T16:03:45","guid":{"rendered":"https:\/\/thebhote.com\/?page_id=2012"},"modified":"2025-02-01T17:03:47","modified_gmt":"2025-02-01T16:03:47","slug":"options-diverses","status":"publish","type":"page","link":"https:\/\/thebhote.com\/en\/options-diverses\/","title":{"rendered":"Various options"},"content":{"rendered":"<style>.kb-row-layout-id2012_d2cd91-d3 > .kt-row-column-wrap{align-content:start;}:where(.kb-row-layout-id2012_d2cd91-d3 > .kt-row-column-wrap) > .wp-block-kadence-column{justify-content:start;}.kb-row-layout-id2012_d2cd91-d3 > .kt-row-column-wrap{column-gap:var(--global-kb-gap-md, 2rem);row-gap:var(--global-kb-gap-md, 2rem);max-width:90vw;margin-left:auto;margin-right:auto;padding-top:var(--global-kb-spacing-sm, 1.5rem);padding-bottom:var(--global-kb-spacing-sm, 1.5rem);grid-template-columns:minmax(0, 1fr);}.kb-row-layout-id2012_d2cd91-d3{background-image:url('https:\/\/thebhote.com\/wp-content\/uploads\/2024\/01\/wave-bg4.png');background-size:cover;background-position:center center;background-attachment:scroll;background-repeat:no-repeat;}.kb-row-layout-id2012_d2cd91-d3 > .kt-row-layout-overlay{opacity:0.30;}@media all and (max-width: 1024px){.kb-row-layout-id2012_d2cd91-d3 > .kt-row-column-wrap{grid-template-columns:minmax(0, 1fr);}}@media all and (max-width: 767px){.kb-row-layout-id2012_d2cd91-d3 > .kt-row-column-wrap{max-width:100vw;margin-left:auto;margin-right:auto;padding-right:var(--global-kb-spacing-sm, 1.5rem);padding-left:var(--global-kb-spacing-sm, 1.5rem);grid-template-columns:minmax(0, 1fr);}}<\/style><div class=\"kb-row-layout-wrap kb-row-layout-id2012_d2cd91-d3 alignfull kt-row-has-bg wp-block-kadence-rowlayout\"><div class=\"kt-row-column-wrap kt-has-1-columns kt-row-layout-equal kt-tab-layout-inherit kt-mobile-layout-row kt-row-valign-top\">\n<style>.kadence-column2012_47869f-a6 > .kt-inside-inner-col,.kadence-column2012_47869f-a6 > .kt-inside-inner-col:before{border-top-left-radius:0px;border-top-right-radius:0px;border-bottom-right-radius:0px;border-bottom-left-radius:0px;}.kadence-column2012_47869f-a6 > .kt-inside-inner-col{column-gap:var(--global-kb-gap-sm, 1rem);}.kadence-column2012_47869f-a6 > .kt-inside-inner-col{flex-direction:column;}.kadence-column2012_47869f-a6 > .kt-inside-inner-col > .aligncenter{width:100%;}.kadence-column2012_47869f-a6 > .kt-inside-inner-col:before{opacity:0.3;}.kadence-column2012_47869f-a6{position:relative;}@media all and (max-width: 1024px){.kadence-column2012_47869f-a6 > .kt-inside-inner-col{flex-direction:column;justify-content:center;}}@media all and (max-width: 767px){.kadence-column2012_47869f-a6 > .kt-inside-inner-col{flex-direction:column;justify-content:center;}}<\/style>\n<div class=\"wp-block-kadence-column kadence-column2012_47869f-a6\"><div class=\"kt-inside-inner-col\"><style>.kb-row-layout-id2012_90ce4c-18 > .kt-row-column-wrap{align-content:start;}:where(.kb-row-layout-id2012_90ce4c-18 > .kt-row-column-wrap) > .wp-block-kadence-column{justify-content:start;}.kb-row-layout-id2012_90ce4c-18 > .kt-row-column-wrap{column-gap:var(--global-kb-gap-md, 2rem);row-gap:var(--global-kb-gap-md, 2rem);max-width:850px;margin-left:auto;margin-right:auto;padding-top:var(--global-kb-spacing-lg, 3rem);padding-bottom:var(--global-kb-spacing-lg, 3rem);grid-template-columns:minmax(0, 1fr);}.kb-row-layout-id2012_90ce4c-18 > .kt-row-layout-overlay{opacity:0.30;}@media all and (max-width: 1024px){.kb-row-layout-id2012_90ce4c-18 > .kt-row-column-wrap{grid-template-columns:minmax(0, 1fr);}}@media all and (max-width: 767px){.kb-row-layout-id2012_90ce4c-18 > .kt-row-column-wrap{grid-template-columns:minmax(0, 1fr);}}<\/style><div class=\"kb-row-layout-wrap kb-row-layout-id2012_90ce4c-18 alignnone wp-block-kadence-rowlayout\"><div class=\"kt-row-column-wrap kt-has-1-columns kt-row-layout-equal kt-tab-layout-inherit kt-mobile-layout-row kt-row-valign-top\">\n<style>.kadence-column2012_81f2a4-a6 > .kt-inside-inner-col,.kadence-column2012_81f2a4-a6 > .kt-inside-inner-col:before{border-top-left-radius:0px;border-top-right-radius:0px;border-bottom-right-radius:0px;border-bottom-left-radius:0px;}.kadence-column2012_81f2a4-a6 > .kt-inside-inner-col{column-gap:var(--global-kb-gap-sm, 1rem);}.kadence-column2012_81f2a4-a6 > .kt-inside-inner-col{flex-direction:column;}.kadence-column2012_81f2a4-a6 > .kt-inside-inner-col > .aligncenter{width:100%;}.kadence-column2012_81f2a4-a6 > .kt-inside-inner-col:before{opacity:0.3;}.kadence-column2012_81f2a4-a6{position:relative;}@media all and (max-width: 1024px){.kadence-column2012_81f2a4-a6 > .kt-inside-inner-col{flex-direction:column;justify-content:center;}}@media all and (max-width: 767px){.kadence-column2012_81f2a4-a6 > .kt-inside-inner-col{flex-direction:column;justify-content:center;}}<\/style>\n<div class=\"wp-block-kadence-column kadence-column2012_81f2a4-a6\"><div class=\"kt-inside-inner-col\"><style>.wp-block-kadence-advancedheading.kt-adv-heading2012_d7389b-d8, .wp-block-kadence-advancedheading.kt-adv-heading2012_d7389b-d8[data-kb-block=\"kb-adv-heading2012_d7389b-d8\"]{text-align:center;font-size:45px;font-weight:800;font-style:normal;font-family:Montserrat;color:#162739;}.wp-block-kadence-advancedheading.kt-adv-heading2012_d7389b-d8 mark.kt-highlight, .wp-block-kadence-advancedheading.kt-adv-heading2012_d7389b-d8[data-kb-block=\"kb-adv-heading2012_d7389b-d8\"] mark.kt-highlight{font-style:normal;color:#f76a0c;-webkit-box-decoration-break:clone;box-decoration-break:clone;padding-top:0px;padding-right:0px;padding-bottom:0px;padding-left:0px;}.wp-block-kadence-advancedheading.kt-adv-heading2012_d7389b-d8 img.kb-inline-image, .wp-block-kadence-advancedheading.kt-adv-heading2012_d7389b-d8[data-kb-block=\"kb-adv-heading2012_d7389b-d8\"] img.kb-inline-image{width:150px;vertical-align:baseline;}<\/style>\n<h2 class=\"kt-adv-heading2012_d7389b-d8 wp-block-kadence-advancedheading\" data-kb-block=\"kb-adv-heading2012_d7389b-d8\">Options diverses<\/h2>\n<\/div><\/div>\n\n<\/div><\/div>\n\n<style>.kb-row-layout-id2012_24950b-61 > .kt-row-column-wrap{align-content:start;}:where(.kb-row-layout-id2012_24950b-61 > .kt-row-column-wrap) > .wp-block-kadence-column{justify-content:start;}.kb-row-layout-id2012_24950b-61 > .kt-row-column-wrap{column-gap:var(--global-kb-gap-md, 2rem);row-gap:var(--global-kb-gap-md, 2rem);padding-top:var(--global-kb-spacing-sm, 1.5rem);padding-bottom:var(--global-kb-spacing-sm, 1.5rem);grid-template-columns:repeat(2, minmax(0, 1fr));}.kb-row-layout-id2012_24950b-61 > .kt-row-layout-overlay{opacity:0.30;}@media all and (max-width: 1024px){.kb-row-layout-id2012_24950b-61 > .kt-row-column-wrap{grid-template-columns:repeat(2, minmax(0, 1fr));}}@media all and (max-width: 767px){.kb-row-layout-id2012_24950b-61 > .kt-row-column-wrap{grid-template-columns:minmax(0, 1fr);}}<\/style><div class=\"kb-row-layout-wrap kb-row-layout-id2012_24950b-61 alignnone wp-block-kadence-rowlayout\"><div class=\"kt-row-column-wrap kt-has-2-columns kt-row-layout-equal kt-tab-layout-inherit kt-mobile-layout-row kt-row-valign-top\">\n<style>.kadence-column2012_7f61b3-b7 > .kt-inside-inner-col,.kadence-column2012_7f61b3-b7 > .kt-inside-inner-col:before{border-top-left-radius:0px;border-top-right-radius:0px;border-bottom-right-radius:0px;border-bottom-left-radius:0px;}.kadence-column2012_7f61b3-b7 > .kt-inside-inner-col{column-gap:var(--global-kb-gap-sm, 1rem);}.kadence-column2012_7f61b3-b7 > .kt-inside-inner-col{flex-direction:column;}.kadence-column2012_7f61b3-b7 > .kt-inside-inner-col > .aligncenter{width:100%;}.kadence-column2012_7f61b3-b7 > .kt-inside-inner-col:before{opacity:0.3;}.kadence-column2012_7f61b3-b7{position:relative;}@media all and (max-width: 1024px){.kadence-column2012_7f61b3-b7 > .kt-inside-inner-col{flex-direction:column;justify-content:center;}}@media all and (max-width: 767px){.kadence-column2012_7f61b3-b7 > .kt-inside-inner-col{flex-direction:column;justify-content:center;}}<\/style>\n<div class=\"wp-block-kadence-column kadence-column2012_7f61b3-b7\"><div class=\"kt-inside-inner-col\"><style>.wp-block-kadence-advancedheading.kt-adv-heading2012_07f510-8a, .wp-block-kadence-advancedheading.kt-adv-heading2012_07f510-8a[data-kb-block=\"kb-adv-heading2012_07f510-8a\"]{font-size:16px;font-style:normal;color:#162739;}.wp-block-kadence-advancedheading.kt-adv-heading2012_07f510-8a mark.kt-highlight, .wp-block-kadence-advancedheading.kt-adv-heading2012_07f510-8a[data-kb-block=\"kb-adv-heading2012_07f510-8a\"] mark.kt-highlight{font-style:normal;color:#f76a0c;-webkit-box-decoration-break:clone;box-decoration-break:clone;padding-top:0px;padding-right:0px;padding-bottom:0px;padding-left:0px;}.wp-block-kadence-advancedheading.kt-adv-heading2012_07f510-8a img.kb-inline-image, .wp-block-kadence-advancedheading.kt-adv-heading2012_07f510-8a[data-kb-block=\"kb-adv-heading2012_07f510-8a\"] img.kb-inline-image{width:150px;vertical-align:baseline;}<\/style>\n<p class=\"kt-adv-heading2012_07f510-8a wp-block-kadence-advancedheading\" data-kb-block=\"kb-adv-heading2012_07f510-8a\">Et pour les connaisseurs qui pr\u00e9f\u00e8rent planier personnellement leur \u00e9vasion, voici largement de quoi parfaire votre exp\u00e9rience. Un \u00e9ventail de possibilit\u00e9s et d&rsquo;exclusivit\u00e9s \u00a0\u00bb The B&rsquo;h\u00f4te\u00a0\u00bb qui feront de votre programmaon l&rsquo;exp\u00e9rience la plus d\u00e9paysante et enrichissante possible.<br><br>Du catering \u00e0 la navigaon tout en passant par une multude d&rsquo;autres domaines tels que le trac\u00e9 personnel de votre cap, les escales et visites, les marinas ou passer vos nuits, les acvit\u00e9s aquaques, le th\u00e8me ou ambiance perso de votre croisi\u00e8re, etc\u2026<br><br>Tous vos choix pr\u00e9cis seront suivis \u00e0 la lere et an\u00e9s ensemble, an de garanr votre \u00e9merveillement.<\/p>\n<\/div><\/div>\n\n\n<style>.kadence-column2012_d6ab48-28 > .kt-inside-inner-col{padding-top:var(--global-kb-spacing-sm, 1.5rem);padding-right:var(--global-kb-spacing-sm, 1.5rem);padding-bottom:var(--global-kb-spacing-sm, 1.5rem);padding-left:var(--global-kb-spacing-sm, 1.5rem);}.kadence-column2012_d6ab48-28 > .kt-inside-inner-col,.kadence-column2012_d6ab48-28 > .kt-inside-inner-col:before{border-top-left-radius:10px;border-top-right-radius:10px;border-bottom-right-radius:10px;border-bottom-left-radius:10px;}.kadence-column2012_d6ab48-28 > .kt-inside-inner-col{column-gap:var(--global-kb-gap-sm, 1rem);}.kadence-column2012_d6ab48-28 > .kt-inside-inner-col{flex-direction:column;}.kadence-column2012_d6ab48-28 > .kt-inside-inner-col > .aligncenter{width:100%;}.kadence-column2012_d6ab48-28 > .kt-inside-inner-col{background-color:#162739;}.kadence-column2012_d6ab48-28 > .kt-inside-inner-col:before{opacity:0.3;}.kadence-column2012_d6ab48-28{position:relative;}@media all and (max-width: 1024px){.kadence-column2012_d6ab48-28 > .kt-inside-inner-col{flex-direction:column;justify-content:center;}}@media all and (max-width: 767px){.kadence-column2012_d6ab48-28 > .kt-inside-inner-col{flex-direction:column;justify-content:center;}}<\/style>\n<div class=\"wp-block-kadence-column kadence-column2012_d6ab48-28\"><div class=\"kt-inside-inner-col\"><style>.wp-block-kadence-advancedheading.kt-adv-heading2012_2ede32-2e, .wp-block-kadence-advancedheading.kt-adv-heading2012_2ede32-2e[data-kb-block=\"kb-adv-heading2012_2ede32-2e\"]{text-align:center;font-size:32px;font-weight:800;font-style:normal;font-family:Montserrat;}.wp-block-kadence-advancedheading.kt-adv-heading2012_2ede32-2e mark.kt-highlight, .wp-block-kadence-advancedheading.kt-adv-heading2012_2ede32-2e[data-kb-block=\"kb-adv-heading2012_2ede32-2e\"] mark.kt-highlight{font-style:normal;color:#f76a0c;-webkit-box-decoration-break:clone;box-decoration-break:clone;padding-top:0px;padding-right:0px;padding-bottom:0px;padding-left:0px;}.wp-block-kadence-advancedheading.kt-adv-heading2012_2ede32-2e img.kb-inline-image, .wp-block-kadence-advancedheading.kt-adv-heading2012_2ede32-2e[data-kb-block=\"kb-adv-heading2012_2ede32-2e\"] img.kb-inline-image{width:150px;vertical-align:baseline;}<\/style>\n<h2 class=\"kt-adv-heading2012_2ede32-2e wp-block-kadence-advancedheading has-ast-global-color-5-color has-text-color\" data-kb-block=\"kb-adv-heading2012_2ede32-2e\">Formulaire de r\u00e9servation<\/h2>\n<\/div><\/div>\n\n<\/div><\/div><\/div><\/div>\n\n<\/div><\/div>","protected":false},"excerpt":{"rendered":"<p>Options diverses Et pour les connaisseurs qui pr\u00e9f\u00e8rent planier personnellement leur \u00e9vasion, voici largement de quoi parfaire votre exp\u00e9rience. Un \u00e9ventail de possibilit\u00e9s et d&rsquo;exclusivit\u00e9s \u00a0\u00bb The B&rsquo;h\u00f4te\u00a0\u00bb qui feront [&hellip;]<\/p>\n","protected":false},"author":2,"featured_media":0,"parent":0,"menu_order":0,"comment_status":"closed","ping_status":"closed","template":"","meta":{"_seopress_robots_primary_cat":"","_seopress_titles_title":"","_seopress_titles_desc":"","_seopress_robots_index":"","_uag_custom_page_level_css":"","_kad_blocks_custom_css":"","_kad_blocks_head_custom_js":"","_kad_blocks_body_custom_js":"","_kad_blocks_footer_custom_js":"","site-sidebar-layout":"default","site-content-layout":"","ast-site-content-layout":"default","site-content-style":"default","site-sidebar-style":"default","ast-global-header-display":"","ast-banner-title-visibility":"","ast-main-header-display":"","ast-hfb-above-header-display":"","ast-hfb-below-header-display":"","ast-hfb-mobile-header-display":"","site-post-title":"disabled","ast-breadcrumbs-content":"","ast-featured-img":"","footer-sml-layout":"","ast-disable-related-posts":"","theme-transparent-header-meta":"disabled","adv-header-id-meta":"","stick-header-meta":"","header-above-stick-meta":"","header-main-stick-meta":"","header-below-stick-meta":"","astra-migrate-meta-layouts":"default","ast-page-background-enabled":"default","ast-page-background-meta":{"desktop":{"background-color":"var(--ast-global-color-4)","background-image":"","background-repeat":"repeat","background-position":"center center","background-size":"auto","background-attachment":"scroll","background-type":"","background-media":"","overlay-type":"","overlay-color":"","overlay-opacity":"","overlay-gradient":""},"tablet":{"background-color":"","background-image":"","background-repeat":"repeat","background-position":"center center","background-size":"auto","background-attachment":"scroll","background-type":"","background-media":"","overlay-type":"","overlay-color":"","overlay-opacity":"","overlay-gradient":""},"mobile":{"background-color":"","background-image":"","background-repeat":"repeat","background-position":"center center","background-size":"auto","background-attachment":"scroll","background-type":"","background-media":"","overlay-type":"","overlay-color":"","overlay-opacity":"","overlay-gradient":""}},"ast-content-background-meta":{"desktop":{"background-color":"var(--ast-global-color-5)","background-image":"","background-repeat":"repeat","background-position":"center center","background-size":"auto","background-attachment":"scroll","background-type":"","background-media":"","overlay-type":"","overlay-color":"","overlay-opacity":"","overlay-gradient":""},"tablet":{"background-color":"var(--ast-global-color-5)","background-image":"","background-repeat":"repeat","background-position":"center center","background-size":"auto","background-attachment":"scroll","background-type":"","background-media":"","overlay-type":"","overlay-color":"","overlay-opacity":"","overlay-gradient":""},"mobile":{"background-color":"var(--ast-global-color-5)","background-image":"","background-repeat":"repeat","background-position":"center center","background-size":"auto","background-attachment":"scroll","background-type":"","background-media":"","overlay-type":"","overlay-color":"","overlay-opacity":"","overlay-gradient":""}},"iawp_total_views":4,"footnotes":""},"class_list":["post-2012","page","type-page","status-publish","hentry"],"taxonomy_info":[],"featured_image_src_large":false,"author_info":{"display_name":"VirtualCed","author_link":"https:\/\/thebhote.com\/en\/author\/virtualced\/"},"comment_info":0,"spectra_custom_meta":{"_edit_lock":["1738429171:2"],"_kad_blocks_custom_css":[""],"_kad_blocks_head_custom_js":[""],"_kad_blocks_body_custom_js":[""],"_kad_blocks_footer_custom_js":[""],"site-post-title":["disabled"],"theme-transparent-header-meta":["disabled"],"adv-header-id-meta":[""],"stick-header-meta":[""],"footnotes":[""],"_edit_last":["2"],"_pys_head_footer":["a:7:{s:14:\"disable_global\";b:0;s:8:\"head_any\";s:0:\"\";s:12:\"head_desktop\";s:0:\"\";s:11:\"head_mobile\";s:0:\"\";s:10:\"footer_any\";s:0:\"\";s:14:\"footer_desktop\";s:0:\"\";s:13:\"footer_mobile\";s:0:\"\";}"],"_seopress_redirections_type":["301"],"_seopress_redirections_logged_status":["both"],"_seopress_analysis_target_kw":[""],"iawp_total_views":["4"],"_tribe_ticket_capacity":["0"],"_tribe_ticket_version":["5.10.0"],"_uag_css_file_name":["uag-css-2012.css"],"_uag_page_assets":["a:9:{s:3:\"css\";s:263:\".uag-blocks-common-selector{z-index:var(--z-index-desktop) !important}@media (max-width: 976px){.uag-blocks-common-selector{z-index:var(--z-index-tablet) !important}}@media (max-width: 767px){.uag-blocks-common-selector{z-index:var(--z-index-mobile) !important}}\n\";s:2:\"js\";s:0:\"\";s:18:\"current_block_list\";a:14:{i:0;s:17:\"kadence\/rowlayout\";i:1;s:14:\"kadence\/column\";i:4;s:23:\"kadence\/advancedheading\";i:5;s:11:\"core\/search\";i:6;s:10:\"core\/group\";i:7;s:12:\"core\/heading\";i:8;s:17:\"core\/latest-posts\";i:9;s:20:\"core\/latest-comments\";i:10;s:13:\"core\/archives\";i:11;s:15:\"core\/categories\";i:12;s:13:\"kadence\/image\";i:15;s:10:\"core\/image\";i:16;s:28:\"weather-atlas\/weather-widget\";i:17;s:33:\"sp-location-weather-pro\/shortcode\";}s:8:\"uag_flag\";b:0;s:11:\"uag_version\";s:10:\"1774952071\";s:6:\"gfonts\";a:0:{}s:10:\"gfonts_url\";s:0:\"\";s:12:\"gfonts_files\";a:0:{}s:14:\"uag_faq_layout\";b:0;}"]},"uagb_featured_image_src":{"full":false,"thumbnail":false,"medium":false,"medium_large":false,"large":false,"1536x1536":false,"2048x2048":false,"trp-custom-language-flag":false,"woocommerce_thumbnail":false,"woocommerce_single":false,"woocommerce_gallery_thumbnail":false},"uagb_author_info":{"display_name":"VirtualCed","author_link":"https:\/\/thebhote.com\/en\/author\/virtualced\/"},"uagb_comment_info":0,"uagb_excerpt":"Options diverses Et pour les connaisseurs qui pr\u00e9f\u00e8rent planier personnellement leur \u00e9vasion, voici largement de quoi parfaire votre exp\u00e9rience. Un \u00e9ventail de possibilit\u00e9s et d&rsquo;exclusivit\u00e9s \u00a0\u00bb The B&rsquo;h\u00f4te\u00a0\u00bb qui feront [&hellip;]","_links":{"self":[{"href":"https:\/\/thebhote.com\/en\/wp-json\/wp\/v2\/pages\/2012","targetHints":{"allow":["GET"]}}],"collection":[{"href":"https:\/\/thebhote.com\/en\/wp-json\/wp\/v2\/pages"}],"about":[{"href":"https:\/\/thebhote.com\/en\/wp-json\/wp\/v2\/types\/page"}],"author":[{"embeddable":true,"href":"https:\/\/thebhote.com\/en\/wp-json\/wp\/v2\/users\/2"}],"replies":[{"embeddable":true,"href":"https:\/\/thebhote.com\/en\/wp-json\/wp\/v2\/comments?post=2012"}],"version-history":[{"count":1,"href":"https:\/\/thebhote.com\/en\/wp-json\/wp\/v2\/pages\/2012\/revisions"}],"predecessor-version":[{"id":2013,"href":"https:\/\/thebhote.com\/en\/wp-json\/wp\/v2\/pages\/2012\/revisions\/2013"}],"wp:attachment":[{"href":"https:\/\/thebhote.com\/en\/wp-json\/wp\/v2\/media?parent=2012"}],"curies":[{"name":"wp","href":"https:\/\/api.w.org\/{rel}","templated":true}]}}