{"id":1243,"date":"2024-04-16T16:36:06","date_gmt":"2024-04-16T14:36:06","guid":{"rendered":"https:\/\/thebhote.com\/?page_id=1243"},"modified":"2024-04-24T10:37:47","modified_gmt":"2024-04-24T08:37:47","slug":"infos-pmr","status":"publish","type":"page","link":"https:\/\/thebhote.com\/en\/infos-pmr\/","title":{"rendered":"PMR info"},"content":{"rendered":"<style>.kb-row-layout-id1243_28e05f-e0 > .kt-row-column-wrap{align-content:start;}:where(.kb-row-layout-id1243_28e05f-e0 > .kt-row-column-wrap) > .wp-block-kadence-column{justify-content:start;}.kb-row-layout-id1243_28e05f-e0 > .kt-row-column-wrap{column-gap:var(--global-kb-gap-md, 2rem);row-gap:var(--global-kb-gap-md, 2rem);max-width:var(--wp--style--global--content-size);padding-top:var(--global-kb-spacing-sm, 1.5rem);padding-bottom:var(--global-kb-spacing-sm, 1.5rem);grid-template-columns:minmax(0, calc(30% - ((var(--global-kb-gap-md, 2rem) * 1 )\/2)))minmax(0, calc(70% - ((var(--global-kb-gap-md, 2rem) * 1 )\/2)));}.kb-row-layout-id1243_28e05f-e0 > .kt-row-layout-overlay{opacity:0.30;}@media all and (max-width: 1024px){.kb-row-layout-id1243_28e05f-e0 > .kt-row-column-wrap{grid-template-columns:repeat(2, minmax(0, 1fr));}}@media all and (max-width: 767px){.kb-row-layout-id1243_28e05f-e0 > .kt-row-column-wrap{grid-template-columns:minmax(0, 1fr);}}<\/style><div class=\"kb-row-layout-wrap kb-row-layout-id1243_28e05f-e0 alignnone wp-block-kadence-rowlayout\"><div class=\"kt-row-column-wrap kt-has-2-columns kt-row-layout-equal kt-tab-layout-inherit kt-mobile-layout-row kt-row-valign-top kb-theme-content-width\">\n<style>.kadence-column1243_c7fb9c-03 > .kt-inside-inner-col,.kadence-column1243_c7fb9c-03 > .kt-inside-inner-col:before{border-top-left-radius:0px;border-top-right-radius:0px;border-bottom-right-radius:0px;border-bottom-left-radius:0px;}.kadence-column1243_c7fb9c-03 > .kt-inside-inner-col{column-gap:var(--global-kb-gap-sm, 1rem);}.kadence-column1243_c7fb9c-03 > .kt-inside-inner-col{flex-direction:column;}.kadence-column1243_c7fb9c-03 > .kt-inside-inner-col > .aligncenter{width:100%;}.kadence-column1243_c7fb9c-03 > .kt-inside-inner-col:before{opacity:0.3;}.kadence-column1243_c7fb9c-03{position:relative;}@media all and (max-width: 1024px){.kadence-column1243_c7fb9c-03 > .kt-inside-inner-col{flex-direction:column;justify-content:center;}}@media all and (max-width: 767px){.kadence-column1243_c7fb9c-03 > .kt-inside-inner-col{flex-direction:column;justify-content:center;}}<\/style>\n<div class=\"wp-block-kadence-column kadence-column1243_c7fb9c-03\"><div class=\"kt-inside-inner-col\"><style>.kb-image1243_1553e0-3a .kb-image-has-overlay:after{opacity:0.3;}<\/style>\n<figure class=\"wp-block-kadence-image kb-image1243_1553e0-3a size-large\"><img loading=\"lazy\" decoding=\"async\" width=\"1021\" height=\"1024\" src=\"https:\/\/thebhote.com\/wp-content\/uploads\/2024\/04\/WhatsApp-Image-2024-04-12-at-1.37.52-PM-1021x1024.jpeg\" alt=\"\" class=\"kb-img wp-image-1246\" srcset=\"https:\/\/thebhote.com\/wp-content\/uploads\/2024\/04\/WhatsApp-Image-2024-04-12-at-1.37.52-PM-1021x1024.jpeg 1021w, https:\/\/thebhote.com\/wp-content\/uploads\/2024\/04\/WhatsApp-Image-2024-04-12-at-1.37.52-PM-300x300.jpeg 300w, https:\/\/thebhote.com\/wp-content\/uploads\/2024\/04\/WhatsApp-Image-2024-04-12-at-1.37.52-PM-150x150.jpeg 150w, https:\/\/thebhote.com\/wp-content\/uploads\/2024\/04\/WhatsApp-Image-2024-04-12-at-1.37.52-PM-768x770.jpeg 768w, https:\/\/thebhote.com\/wp-content\/uploads\/2024\/04\/WhatsApp-Image-2024-04-12-at-1.37.52-PM-12x12.jpeg 12w, https:\/\/thebhote.com\/wp-content\/uploads\/2024\/04\/WhatsApp-Image-2024-04-12-at-1.37.52-PM.jpeg 1139w\" sizes=\"auto, (max-width: 1021px) 100vw, 1021px\" \/><\/figure>\n<\/div><\/div>\n\n\n<style>.kadence-column1243_53fae2-4b > .kt-inside-inner-col{display:flex;}.kadence-column1243_53fae2-4b > .kt-inside-inner-col,.kadence-column1243_53fae2-4b > .kt-inside-inner-col:before{border-top-left-radius:0px;border-top-right-radius:0px;border-bottom-right-radius:0px;border-bottom-left-radius:0px;}.kadence-column1243_53fae2-4b > .kt-inside-inner-col{column-gap:var(--global-kb-gap-sm, 1rem);}.kadence-column1243_53fae2-4b > .kt-inside-inner-col{flex-direction:column;justify-content:center;}.kadence-column1243_53fae2-4b > .kt-inside-inner-col > .aligncenter{width:100%;}.kt-row-column-wrap > .kadence-column1243_53fae2-4b{align-self:center;}.kt-inner-column-height-full:not(.kt-has-1-columns) > .wp-block-kadence-column.kadence-column1243_53fae2-4b{align-self:auto;}.kt-inner-column-height-full:not(.kt-has-1-columns) > .wp-block-kadence-column.kadence-column1243_53fae2-4b > .kt-inside-inner-col{flex-direction:column;justify-content:center;}.kadence-column1243_53fae2-4b > .kt-inside-inner-col:before{opacity:0.3;}.kadence-column1243_53fae2-4b{position:relative;}@media all and (max-width: 1024px){.kt-row-column-wrap > .kadence-column1243_53fae2-4b{align-self:center;}}@media all and (max-width: 1024px){.kt-inner-column-height-full:not(.kt-has-1-columns) > .wp-block-kadence-column.kadence-column1243_53fae2-4b{align-self:auto;}}@media all and (max-width: 1024px){.kt-inner-column-height-full:not(.kt-has-1-columns) > .wp-block-kadence-column.kadence-column1243_53fae2-4b > .kt-inside-inner-col{flex-direction:column;justify-content:center;}}@media all and (max-width: 1024px){.kadence-column1243_53fae2-4b > .kt-inside-inner-col{flex-direction:column;justify-content:center;}}@media all and (max-width: 767px){.kt-row-column-wrap > .kadence-column1243_53fae2-4b{align-self:center;}.kt-inner-column-height-full:not(.kt-has-1-columns) > .wp-block-kadence-column.kadence-column1243_53fae2-4b{align-self:auto;}.kt-inner-column-height-full:not(.kt-has-1-columns) > .wp-block-kadence-column.kadence-column1243_53fae2-4b > .kt-inside-inner-col{flex-direction:column;justify-content:center;}.kadence-column1243_53fae2-4b > .kt-inside-inner-col{flex-direction:column;justify-content:center;}}<\/style>\n<div class=\"wp-block-kadence-column kadence-column1243_53fae2-4b\"><div class=\"kt-inside-inner-col\"><style>.wp-block-kadence-advancedheading.kt-adv-heading1243_a054fa-46, .wp-block-kadence-advancedheading.kt-adv-heading1243_a054fa-46[data-kb-block=\"kb-adv-heading1243_a054fa-46\"]{font-size:var(--global-kb-font-size-md, 1.25rem);font-style:normal;}.wp-block-kadence-advancedheading.kt-adv-heading1243_a054fa-46 mark.kt-highlight, .wp-block-kadence-advancedheading.kt-adv-heading1243_a054fa-46[data-kb-block=\"kb-adv-heading1243_a054fa-46\"] mark.kt-highlight{font-style:normal;color:#f76a0c;-webkit-box-decoration-break:clone;box-decoration-break:clone;padding-top:0px;padding-right:0px;padding-bottom:0px;padding-left:0px;}.wp-block-kadence-advancedheading.kt-adv-heading1243_a054fa-46 img.kb-inline-image, .wp-block-kadence-advancedheading.kt-adv-heading1243_a054fa-46[data-kb-block=\"kb-adv-heading1243_a054fa-46\"] img.kb-inline-image{width:150px;vertical-align:baseline;}<\/style>\n<p class=\"kt-adv-heading1243_a054fa-46 wp-block-kadence-advancedheading\" data-kb-block=\"kb-adv-heading1243_a054fa-46\">Dans la plupart de nos formules, l\u2019acc\u00e8s \u00e0 nos activit\u00e9s ne devrait poser aucun probl\u00e8me aux personnes \u00e0 mobilit\u00e9 r\u00e9duite. Cependant, il serait judicieux de nous questionner pr\u00e9ventivement \u00e0 ce sujet avant de r\u00e9server l\u2019une ou l\u2019autre de nos croisi\u00e8res. L\u2019\u00e9quipage pourra ainsi adapter le programme et prendre toutes les mesures n\u00e9cessaires afin de garantir un confort optimal aussi bien pour celles-ci que pour l\u2019ensemble des croisi\u00e9ristes.<\/p>\n<\/div><\/div>\n\n<\/div><\/div>","protected":false},"excerpt":{"rendered":"<p>Dans la plupart de nos formules, l\u2019acc\u00e8s \u00e0 nos activit\u00e9s ne devrait poser aucun probl\u00e8me aux personnes \u00e0 mobilit\u00e9 r\u00e9duite. Cependant, il serait judicieux de nous questionner pr\u00e9ventivement \u00e0 ce [&hellip;]<\/p>\n","protected":false},"author":2,"featured_media":0,"parent":0,"menu_order":0,"comment_status":"closed","ping_status":"closed","template":"","meta":{"_seopress_robots_primary_cat":"","_seopress_titles_title":"","_seopress_titles_desc":"","_seopress_robots_index":"","_uag_custom_page_level_css":"","_kad_blocks_custom_css":"","_kad_blocks_head_custom_js":"","_kad_blocks_body_custom_js":"","_kad_blocks_footer_custom_js":"","site-sidebar-layout":"default","site-content-layout":"","ast-site-content-layout":"default","site-content-style":"default","site-sidebar-style":"default","ast-global-header-display":"","ast-banner-title-visibility":"","ast-main-header-display":"","ast-hfb-above-header-display":"","ast-hfb-below-header-display":"","ast-hfb-mobile-header-display":"","site-post-title":"","ast-breadcrumbs-content":"","ast-featured-img":"","footer-sml-layout":"","ast-disable-related-posts":"","theme-transparent-header-meta":"disabled","adv-header-id-meta":"","stick-header-meta":"","header-above-stick-meta":"","header-main-stick-meta":"","header-below-stick-meta":"","astra-migrate-meta-layouts":"default","ast-page-background-enabled":"default","ast-page-background-meta":{"desktop":{"background-color":"var(--ast-global-color-4)","background-image":"","background-repeat":"repeat","background-position":"center center","background-size":"auto","background-attachment":"scroll","background-type":"","background-media":"","overlay-type":"","overlay-color":"","overlay-opacity":"","overlay-gradient":""},"tablet":{"background-color":"","background-image":"","background-repeat":"repeat","background-position":"center center","background-size":"auto","background-attachment":"scroll","background-type":"","background-media":"","overlay-type":"","overlay-color":"","overlay-opacity":"","overlay-gradient":""},"mobile":{"background-color":"","background-image":"","background-repeat":"repeat","background-position":"center center","background-size":"auto","background-attachment":"scroll","background-type":"","background-media":"","overlay-type":"","overlay-color":"","overlay-opacity":"","overlay-gradient":""}},"ast-content-background-meta":{"desktop":{"background-color":"var(--ast-global-color-5)","background-image":"","background-repeat":"repeat","background-position":"center center","background-size":"auto","background-attachment":"scroll","background-type":"","background-media":"","overlay-type":"","overlay-color":"","overlay-opacity":"","overlay-gradient":""},"tablet":{"background-color":"var(--ast-global-color-5)","background-image":"","background-repeat":"repeat","background-position":"center center","background-size":"auto","background-attachment":"scroll","background-type":"","background-media":"","overlay-type":"","overlay-color":"","overlay-opacity":"","overlay-gradient":""},"mobile":{"background-color":"var(--ast-global-color-5)","background-image":"","background-repeat":"repeat","background-position":"center center","background-size":"auto","background-attachment":"scroll","background-type":"","background-media":"","overlay-type":"","overlay-color":"","overlay-opacity":"","overlay-gradient":""}},"iawp_total_views":35,"footnotes":""},"class_list":["post-1243","page","type-page","status-publish","hentry"],"taxonomy_info":[],"featured_image_src_large":false,"author_info":{"display_name":"VirtualCed","author_link":"https:\/\/thebhote.com\/en\/author\/virtualced\/"},"comment_info":0,"spectra_custom_meta":{"_edit_lock":["1713947873:2"],"_uag_custom_page_level_css":[""],"_kad_blocks_custom_css":[""],"_kad_blocks_head_custom_js":[""],"_kad_blocks_body_custom_js":[""],"_kad_blocks_footer_custom_js":[""],"theme-transparent-header-meta":["disabled"],"adv-header-id-meta":[""],"stick-header-meta":[""],"footnotes":[""],"_edit_last":["2"],"_pys_head_footer":["a:7:{s:14:\"disable_global\";b:0;s:8:\"head_any\";s:0:\"\";s:12:\"head_desktop\";s:0:\"\";s:11:\"head_mobile\";s:0:\"\";s:10:\"footer_any\";s:0:\"\";s:14:\"footer_desktop\";s:0:\"\";s:13:\"footer_mobile\";s:0:\"\";}"],"_seopress_redirections_type":["301"],"_seopress_redirections_logged_status":["both"],"_seopress_analysis_target_kw":[""],"iawp_total_views":["35"],"_tribe_ticket_capacity":["0"],"_tribe_ticket_version":["5.10.0"],"_uag_css_file_name":["uag-css-1243.css"],"_uag_page_assets":["a:9:{s:3:\"css\";s:263:\".uag-blocks-common-selector{z-index:var(--z-index-desktop) !important}@media (max-width: 976px){.uag-blocks-common-selector{z-index:var(--z-index-tablet) !important}}@media (max-width: 767px){.uag-blocks-common-selector{z-index:var(--z-index-mobile) !important}}\n\";s:2:\"js\";s:0:\"\";s:18:\"current_block_list\";a:14:{i:0;s:17:\"kadence\/rowlayout\";i:1;s:14:\"kadence\/column\";i:2;s:13:\"kadence\/image\";i:4;s:23:\"kadence\/advancedheading\";i:5;s:11:\"core\/search\";i:6;s:10:\"core\/group\";i:7;s:12:\"core\/heading\";i:8;s:17:\"core\/latest-posts\";i:9;s:20:\"core\/latest-comments\";i:10;s:13:\"core\/archives\";i:11;s:15:\"core\/categories\";i:14;s:10:\"core\/image\";i:15;s:28:\"weather-atlas\/weather-widget\";i:16;s:33:\"sp-location-weather-pro\/shortcode\";}s:8:\"uag_flag\";b:0;s:11:\"uag_version\";s:10:\"1774952071\";s:6:\"gfonts\";a:0:{}s:10:\"gfonts_url\";s:0:\"\";s:12:\"gfonts_files\";a:0:{}s:14:\"uag_faq_layout\";b:0;}"]},"uagb_featured_image_src":{"full":false,"thumbnail":false,"medium":false,"medium_large":false,"large":false,"1536x1536":false,"2048x2048":false,"trp-custom-language-flag":false,"woocommerce_thumbnail":false,"woocommerce_single":false,"woocommerce_gallery_thumbnail":false},"uagb_author_info":{"display_name":"VirtualCed","author_link":"https:\/\/thebhote.com\/en\/author\/virtualced\/"},"uagb_comment_info":0,"uagb_excerpt":"Dans la plupart de nos formules, l\u2019acc\u00e8s \u00e0 nos activit\u00e9s ne devrait poser aucun probl\u00e8me aux personnes \u00e0 mobilit\u00e9 r\u00e9duite. Cependant, il serait judicieux de nous questionner pr\u00e9ventivement \u00e0 ce [&hellip;]","_links":{"self":[{"href":"https:\/\/thebhote.com\/en\/wp-json\/wp\/v2\/pages\/1243","targetHints":{"allow":["GET"]}}],"collection":[{"href":"https:\/\/thebhote.com\/en\/wp-json\/wp\/v2\/pages"}],"about":[{"href":"https:\/\/thebhote.com\/en\/wp-json\/wp\/v2\/types\/page"}],"author":[{"embeddable":true,"href":"https:\/\/thebhote.com\/en\/wp-json\/wp\/v2\/users\/2"}],"replies":[{"embeddable":true,"href":"https:\/\/thebhote.com\/en\/wp-json\/wp\/v2\/comments?post=1243"}],"version-history":[{"count":4,"href":"https:\/\/thebhote.com\/en\/wp-json\/wp\/v2\/pages\/1243\/revisions"}],"predecessor-version":[{"id":1538,"href":"https:\/\/thebhote.com\/en\/wp-json\/wp\/v2\/pages\/1243\/revisions\/1538"}],"wp:attachment":[{"href":"https:\/\/thebhote.com\/en\/wp-json\/wp\/v2\/media?parent=1243"}],"curies":[{"name":"wp","href":"https:\/\/api.w.org\/{rel}","templated":true}]}}